{"id":42399,"date":"2025-10-31T09:49:00","date_gmt":"2025-10-31T09:49:00","guid":{"rendered":"https:\/\/www.moderco.com\/sobre-nosotros\/"},"modified":"2026-03-03T10:39:11","modified_gmt":"2026-03-03T10:39:11","slug":"sobre-nosotros","status":"publish","type":"page","link":"https:\/\/www.moderco.com\/es\/sobre-nosotros\/","title":{"rendered":"Sobre nosotros"},"content":{"rendered":"","protected":false},"excerpt":{"rendered":"","protected":false},"author":1,"featured_media":0,"parent":0,"menu_order":11,"comment_status":"closed","ping_status":"closed","template":"page-templates\/about-us-page-template.php","meta":{"_acf_changed":false,"_bbp_topic_count":0,"_bbp_reply_count":0,"_bbp_total_topic_count":0,"_bbp_total_reply_count":0,"_bbp_voice_count":0,"_bbp_anonymous_reply_count":0,"_bbp_topic_count_hidden":0,"_bbp_reply_count_hidden":0,"_bbp_forum_subforum_count":0,"footnotes":""},"class_list":["post-42399","page","type-page","status-publish","hentry"],"acf":[],"yoast_head":"<!-- This site is optimized with the Yoast SEO plugin v26.2 - https:\/\/yoast.com\/wordpress\/plugins\/seo\/ -->\n<title>Sobre nosotros | Moderco<\/title>\n<meta name=\"description\" content=\"Moderco est\u00e1 considerado como uno de los principales fabricantes norteamericanos de tabiques m\u00f3viles ac\u00fasticos y productos complementarios asociados..\" \/>\n<meta name=\"robots\" content=\"index, follow, max-snippet:-1, max-image-preview:large, max-video-preview:-1\" \/>\n<link rel=\"canonical\" href=\"https:\/\/www.moderco.com\/es\/sobre-nosotros\/\" \/>\n<meta property=\"og:locale\" content=\"es_ES\" \/>\n<meta property=\"og:type\" content=\"article\" \/>\n<meta property=\"og:title\" content=\"Sobre nosotros | Moderco\" \/>\n<meta property=\"og:description\" content=\"Moderco est\u00e1 considerado como uno de los principales fabricantes norteamericanos de tabiques m\u00f3viles ac\u00fasticos y productos complementarios asociados..\" \/>\n<meta property=\"og:url\" content=\"https:\/\/www.moderco.com\/es\/sobre-nosotros\/\" \/>\n<meta property=\"og:site_name\" content=\"Moderco\" \/>\n<meta property=\"article:modified_time\" content=\"2026-03-03T10:39:11+00:00\" \/>\n<meta property=\"og:image\" content=\"https:\/\/www.moderco.com\/wp-content\/uploads\/2025\/09\/moderco-banner-slider-image-1-1.webp\" \/>\n\t<meta property=\"og:image:width\" content=\"2042\" \/>\n\t<meta property=\"og:image:height\" content=\"1214\" \/>\n\t<meta property=\"og:image:type\" content=\"image\/webp\" \/>\n<script type=\"application\/ld+json\" class=\"yoast-schema-graph\">{\"@context\":\"https:\/\/schema.org\",\"@graph\":[{\"@type\":\"WebPage\",\"@id\":\"https:\/\/www.moderco.com\/es\/sobre-nosotros\/\",\"url\":\"https:\/\/www.moderco.com\/es\/sobre-nosotros\/\",\"name\":\"Sobre nosotros | Moderco\",\"isPartOf\":{\"@id\":\"https:\/\/www.moderco.com\/#website\"},\"datePublished\":\"2025-10-31T09:49:00+00:00\",\"dateModified\":\"2026-03-03T10:39:11+00:00\",\"description\":\"Moderco est\u00e1 considerado como uno de los principales fabricantes norteamericanos de tabiques m\u00f3viles ac\u00fasticos y productos complementarios asociados..\",\"breadcrumb\":{\"@id\":\"https:\/\/www.moderco.com\/es\/sobre-nosotros\/#breadcrumb\"},\"inLanguage\":\"es\",\"potentialAction\":[{\"@type\":\"ReadAction\",\"target\":[\"https:\/\/www.moderco.com\/es\/sobre-nosotros\/\"]}]},{\"@type\":\"BreadcrumbList\",\"@id\":\"https:\/\/www.moderco.com\/es\/sobre-nosotros\/#breadcrumb\",\"itemListElement\":[{\"@type\":\"ListItem\",\"position\":1,\"name\":\"Home\",\"item\":\"https:\/\/www.moderco.com\/es\/\"},{\"@type\":\"ListItem\",\"position\":2,\"name\":\"Sobre nosotros\"}]},{\"@type\":\"WebSite\",\"@id\":\"https:\/\/www.moderco.com\/#website\",\"url\":\"https:\/\/www.moderco.com\/\",\"name\":\"Moderco\",\"description\":\"Moderco\",\"publisher\":{\"@id\":\"https:\/\/www.moderco.com\/#organization\"},\"potentialAction\":[{\"@type\":\"SearchAction\",\"target\":{\"@type\":\"EntryPoint\",\"urlTemplate\":\"https:\/\/www.moderco.com\/?s={search_term_string}\"},\"query-input\":{\"@type\":\"PropertyValueSpecification\",\"valueRequired\":true,\"valueName\":\"search_term_string\"}}],\"inLanguage\":\"es\"},{\"@type\":\"Organization\",\"@id\":\"https:\/\/www.moderco.com\/#organization\",\"name\":\"Moderco\",\"url\":\"https:\/\/www.moderco.com\/\",\"logo\":{\"@type\":\"ImageObject\",\"inLanguage\":\"es\",\"@id\":\"https:\/\/www.moderco.com\/#\/schema\/logo\/image\/\",\"url\":\"https:\/\/www.moderco.com\/wp-content\/uploads\/2026\/02\/moderco-site-logo.webp\",\"contentUrl\":\"https:\/\/www.moderco.com\/wp-content\/uploads\/2026\/02\/moderco-site-logo.webp\",\"width\":700,\"height\":700,\"caption\":\"Moderco\"},\"image\":{\"@id\":\"https:\/\/www.moderco.com\/#\/schema\/logo\/image\/\"}}]}<\/script>\n<!-- \/ Yoast SEO plugin. -->","yoast_head_json":{"title":"Sobre nosotros | Moderco","description":"Moderco est\u00e1 considerado como uno de los principales fabricantes norteamericanos de tabiques m\u00f3viles ac\u00fasticos y productos complementarios asociados..","robots":{"index":"index","follow":"follow","max-snippet":"max-snippet:-1","max-image-preview":"max-image-preview:large","max-video-preview":"max-video-preview:-1"},"canonical":"https:\/\/www.moderco.com\/es\/sobre-nosotros\/","og_locale":"es_ES","og_type":"article","og_title":"Sobre nosotros | Moderco","og_description":"Moderco est\u00e1 considerado como uno de los principales fabricantes norteamericanos de tabiques m\u00f3viles ac\u00fasticos y productos complementarios asociados..","og_url":"https:\/\/www.moderco.com\/es\/sobre-nosotros\/","og_site_name":"Moderco","article_modified_time":"2026-03-03T10:39:11+00:00","og_image":[{"width":2042,"height":1214,"url":"https:\/\/www.moderco.com\/wp-content\/uploads\/2025\/09\/moderco-banner-slider-image-1-1.webp","type":"image\/webp"}],"schema":{"@context":"https:\/\/schema.org","@graph":[{"@type":"WebPage","@id":"https:\/\/www.moderco.com\/es\/sobre-nosotros\/","url":"https:\/\/www.moderco.com\/es\/sobre-nosotros\/","name":"Sobre nosotros | Moderco","isPartOf":{"@id":"https:\/\/www.moderco.com\/#website"},"datePublished":"2025-10-31T09:49:00+00:00","dateModified":"2026-03-03T10:39:11+00:00","description":"Moderco est\u00e1 considerado como uno de los principales fabricantes norteamericanos de tabiques m\u00f3viles ac\u00fasticos y productos complementarios asociados..","breadcrumb":{"@id":"https:\/\/www.moderco.com\/es\/sobre-nosotros\/#breadcrumb"},"inLanguage":"es","potentialAction":[{"@type":"ReadAction","target":["https:\/\/www.moderco.com\/es\/sobre-nosotros\/"]}]},{"@type":"BreadcrumbList","@id":"https:\/\/www.moderco.com\/es\/sobre-nosotros\/#breadcrumb","itemListElement":[{"@type":"ListItem","position":1,"name":"Home","item":"https:\/\/www.moderco.com\/es\/"},{"@type":"ListItem","position":2,"name":"Sobre nosotros"}]},{"@type":"WebSite","@id":"https:\/\/www.moderco.com\/#website","url":"https:\/\/www.moderco.com\/","name":"Moderco","description":"Moderco","publisher":{"@id":"https:\/\/www.moderco.com\/#organization"},"potentialAction":[{"@type":"SearchAction","target":{"@type":"EntryPoint","urlTemplate":"https:\/\/www.moderco.com\/?s={search_term_string}"},"query-input":{"@type":"PropertyValueSpecification","valueRequired":true,"valueName":"search_term_string"}}],"inLanguage":"es"},{"@type":"Organization","@id":"https:\/\/www.moderco.com\/#organization","name":"Moderco","url":"https:\/\/www.moderco.com\/","logo":{"@type":"ImageObject","inLanguage":"es","@id":"https:\/\/www.moderco.com\/#\/schema\/logo\/image\/","url":"https:\/\/www.moderco.com\/wp-content\/uploads\/2026\/02\/moderco-site-logo.webp","contentUrl":"https:\/\/www.moderco.com\/wp-content\/uploads\/2026\/02\/moderco-site-logo.webp","width":700,"height":700,"caption":"Moderco"},"image":{"@id":"https:\/\/www.moderco.com\/#\/schema\/logo\/image\/"}}]}},"_links":{"self":[{"href":"https:\/\/www.moderco.com\/es\/wp-json\/wp\/v2\/pages\/42399","targetHints":{"allow":["GET"]}}],"collection":[{"href":"https:\/\/www.moderco.com\/es\/wp-json\/wp\/v2\/pages"}],"about":[{"href":"https:\/\/www.moderco.com\/es\/wp-json\/wp\/v2\/types\/page"}],"author":[{"embeddable":true,"href":"https:\/\/www.moderco.com\/es\/wp-json\/wp\/v2\/users\/1"}],"replies":[{"embeddable":true,"href":"https:\/\/www.moderco.com\/es\/wp-json\/wp\/v2\/comments?post=42399"}],"version-history":[{"count":7,"href":"https:\/\/www.moderco.com\/es\/wp-json\/wp\/v2\/pages\/42399\/revisions"}],"predecessor-version":[{"id":45065,"href":"https:\/\/www.moderco.com\/es\/wp-json\/wp\/v2\/pages\/42399\/revisions\/45065"}],"wp:attachment":[{"href":"https:\/\/www.moderco.com\/es\/wp-json\/wp\/v2\/media?parent=42399"}],"curies":[{"name":"wp","href":"https:\/\/api.w.org\/{rel}","templated":true}]}}