{"id":147,"date":"2015-07-15T15:06:15","date_gmt":"2015-07-15T15:06:15","guid":{"rendered":"https:\/\/www.moderco.com\/?page_id=147&#038;lang=fr"},"modified":"2025-12-02T11:18:53","modified_gmt":"2025-12-02T11:18:53","slug":"produits","status":"publish","type":"page","link":"https:\/\/www.moderco.com\/fr\/produits\/","title":{"rendered":"Produits"},"content":{"rendered":"<p>[product_filter]<\/p>\n","protected":false},"excerpt":{"rendered":"<p>[product_filter]<\/p>\n","protected":false},"author":1,"featured_media":0,"parent":0,"menu_order":43,"comment_status":"open","ping_status":"closed","template":"page-templates\/products-page-template.php","meta":{"_acf_changed":false,"_bbp_topic_count":0,"_bbp_reply_count":0,"_bbp_total_topic_count":0,"_bbp_total_reply_count":0,"_bbp_voice_count":0,"_bbp_anonymous_reply_count":0,"_bbp_topic_count_hidden":0,"_bbp_reply_count_hidden":0,"_bbp_forum_subforum_count":0,"footnotes":""},"class_list":["post-147","page","type-page","status-publish","hentry"],"acf":[],"yoast_head":"<!-- This site is optimized with the Yoast SEO plugin v26.2 - https:\/\/yoast.com\/wordpress\/plugins\/seo\/ -->\n<title>Les syst\u00e8mes cloison les plus fin et les plus acoustiques<\/title>\n<meta name=\"description\" content=\"Nous serons capable de r\u00e9pondre \u00e0 vos besoins. Nous produisons diff\u00e9rent types de cloisons : op\u00e9rable, vitre amovible, \u00e9lectrique, accord\u00e9ons et rideaux.\" \/>\n<meta name=\"robots\" content=\"noindex, nofollow\" \/>\n<meta property=\"og:locale\" content=\"fr_FR\" \/>\n<meta property=\"og:type\" content=\"article\" \/>\n<meta property=\"og:title\" content=\"Les syst\u00e8mes cloison les plus fin et les plus acoustiques\" \/>\n<meta property=\"og:description\" content=\"Nous serons capable de r\u00e9pondre \u00e0 vos besoins. Nous produisons diff\u00e9rent types de cloisons : op\u00e9rable, vitre amovible, \u00e9lectrique, accord\u00e9ons et rideaux.\" \/>\n<meta property=\"og:url\" content=\"https:\/\/www.moderco.com\/fr\/produits\/\" \/>\n<meta property=\"og:site_name\" content=\"Moderco\" \/>\n<meta property=\"article:modified_time\" content=\"2025-12-02T11:18:53+00:00\" \/>\n<meta property=\"og:image\" content=\"https:\/\/www.moderco.com\/wp-content\/uploads\/2025\/09\/moderco-banner-slider-image-1-1.webp\" \/>\n\t<meta property=\"og:image:width\" content=\"2042\" \/>\n\t<meta property=\"og:image:height\" content=\"1214\" \/>\n\t<meta property=\"og:image:type\" content=\"image\/webp\" \/>\n<meta name=\"twitter:label1\" content=\"Dur\u00e9e de lecture estim\u00e9e\" \/>\n\t<meta name=\"twitter:data1\" content=\"1 minute\" \/>\n<script type=\"application\/ld+json\" class=\"yoast-schema-graph\">{\"@context\":\"https:\/\/schema.org\",\"@graph\":[{\"@type\":\"WebPage\",\"@id\":\"https:\/\/www.moderco.com\/fr\/produits\/\",\"url\":\"https:\/\/www.moderco.com\/fr\/produits\/\",\"name\":\"Les syst\u00e8mes cloison les plus fin et les plus acoustiques\",\"isPartOf\":{\"@id\":\"https:\/\/www.moderco.com\/#website\"},\"datePublished\":\"2015-07-15T15:06:15+00:00\",\"dateModified\":\"2025-12-02T11:18:53+00:00\",\"description\":\"Nous serons capable de r\u00e9pondre \u00e0 vos besoins. Nous produisons diff\u00e9rent types de cloisons : op\u00e9rable, vitre amovible, \u00e9lectrique, accord\u00e9ons et rideaux.\",\"breadcrumb\":{\"@id\":\"https:\/\/www.moderco.com\/fr\/produits\/#breadcrumb\"},\"inLanguage\":\"fr-FR\",\"potentialAction\":[{\"@type\":\"ReadAction\",\"target\":[\"https:\/\/www.moderco.com\/fr\/produits\/\"]}]},{\"@type\":\"BreadcrumbList\",\"@id\":\"https:\/\/www.moderco.com\/fr\/produits\/#breadcrumb\",\"itemListElement\":[{\"@type\":\"ListItem\",\"position\":1,\"name\":\"Home\",\"item\":\"https:\/\/www.moderco.com\/fr\/\"},{\"@type\":\"ListItem\",\"position\":2,\"name\":\"Produits\"}]},{\"@type\":\"WebSite\",\"@id\":\"https:\/\/www.moderco.com\/#website\",\"url\":\"https:\/\/www.moderco.com\/\",\"name\":\"Moderco\",\"description\":\"Un site utilisant WordPress\",\"publisher\":{\"@id\":\"https:\/\/www.moderco.com\/#organization\"},\"potentialAction\":[{\"@type\":\"SearchAction\",\"target\":{\"@type\":\"EntryPoint\",\"urlTemplate\":\"https:\/\/www.moderco.com\/?s={search_term_string}\"},\"query-input\":{\"@type\":\"PropertyValueSpecification\",\"valueRequired\":true,\"valueName\":\"search_term_string\"}}],\"inLanguage\":\"fr-FR\"},{\"@type\":\"Organization\",\"@id\":\"https:\/\/www.moderco.com\/#organization\",\"name\":\"Moderco\",\"url\":\"https:\/\/www.moderco.com\/\",\"logo\":{\"@type\":\"ImageObject\",\"inLanguage\":\"fr-FR\",\"@id\":\"https:\/\/www.moderco.com\/#\/schema\/logo\/image\/\",\"url\":\"https:\/\/www.moderco.com\/wp-content\/uploads\/2026\/02\/moderco-site-logo.webp\",\"contentUrl\":\"https:\/\/www.moderco.com\/wp-content\/uploads\/2026\/02\/moderco-site-logo.webp\",\"width\":700,\"height\":700,\"caption\":\"Moderco\"},\"image\":{\"@id\":\"https:\/\/www.moderco.com\/#\/schema\/logo\/image\/\"}}]}<\/script>\n<!-- \/ Yoast SEO plugin. -->","yoast_head_json":{"title":"Les syst\u00e8mes cloison les plus fin et les plus acoustiques","description":"Nous serons capable de r\u00e9pondre \u00e0 vos besoins. Nous produisons diff\u00e9rent types de cloisons : op\u00e9rable, vitre amovible, \u00e9lectrique, accord\u00e9ons et rideaux.","robots":{"index":"noindex","follow":"nofollow"},"og_locale":"fr_FR","og_type":"article","og_title":"Les syst\u00e8mes cloison les plus fin et les plus acoustiques","og_description":"Nous serons capable de r\u00e9pondre \u00e0 vos besoins. Nous produisons diff\u00e9rent types de cloisons : op\u00e9rable, vitre amovible, \u00e9lectrique, accord\u00e9ons et rideaux.","og_url":"https:\/\/www.moderco.com\/fr\/produits\/","og_site_name":"Moderco","article_modified_time":"2025-12-02T11:18:53+00:00","og_image":[{"width":2042,"height":1214,"url":"https:\/\/www.moderco.com\/wp-content\/uploads\/2025\/09\/moderco-banner-slider-image-1-1.webp","type":"image\/webp"}],"twitter_misc":{"Dur\u00e9e de lecture estim\u00e9e":"1 minute"},"schema":{"@context":"https:\/\/schema.org","@graph":[{"@type":"WebPage","@id":"https:\/\/www.moderco.com\/fr\/produits\/","url":"https:\/\/www.moderco.com\/fr\/produits\/","name":"Les syst\u00e8mes cloison les plus fin et les plus acoustiques","isPartOf":{"@id":"https:\/\/www.moderco.com\/#website"},"datePublished":"2015-07-15T15:06:15+00:00","dateModified":"2025-12-02T11:18:53+00:00","description":"Nous serons capable de r\u00e9pondre \u00e0 vos besoins. Nous produisons diff\u00e9rent types de cloisons : op\u00e9rable, vitre amovible, \u00e9lectrique, accord\u00e9ons et rideaux.","breadcrumb":{"@id":"https:\/\/www.moderco.com\/fr\/produits\/#breadcrumb"},"inLanguage":"fr-FR","potentialAction":[{"@type":"ReadAction","target":["https:\/\/www.moderco.com\/fr\/produits\/"]}]},{"@type":"BreadcrumbList","@id":"https:\/\/www.moderco.com\/fr\/produits\/#breadcrumb","itemListElement":[{"@type":"ListItem","position":1,"name":"Home","item":"https:\/\/www.moderco.com\/fr\/"},{"@type":"ListItem","position":2,"name":"Produits"}]},{"@type":"WebSite","@id":"https:\/\/www.moderco.com\/#website","url":"https:\/\/www.moderco.com\/","name":"Moderco","description":"Un site utilisant WordPress","publisher":{"@id":"https:\/\/www.moderco.com\/#organization"},"potentialAction":[{"@type":"SearchAction","target":{"@type":"EntryPoint","urlTemplate":"https:\/\/www.moderco.com\/?s={search_term_string}"},"query-input":{"@type":"PropertyValueSpecification","valueRequired":true,"valueName":"search_term_string"}}],"inLanguage":"fr-FR"},{"@type":"Organization","@id":"https:\/\/www.moderco.com\/#organization","name":"Moderco","url":"https:\/\/www.moderco.com\/","logo":{"@type":"ImageObject","inLanguage":"fr-FR","@id":"https:\/\/www.moderco.com\/#\/schema\/logo\/image\/","url":"https:\/\/www.moderco.com\/wp-content\/uploads\/2026\/02\/moderco-site-logo.webp","contentUrl":"https:\/\/www.moderco.com\/wp-content\/uploads\/2026\/02\/moderco-site-logo.webp","width":700,"height":700,"caption":"Moderco"},"image":{"@id":"https:\/\/www.moderco.com\/#\/schema\/logo\/image\/"}}]}},"_links":{"self":[{"href":"https:\/\/www.moderco.com\/fr\/wp-json\/wp\/v2\/pages\/147","targetHints":{"allow":["GET"]}}],"collection":[{"href":"https:\/\/www.moderco.com\/fr\/wp-json\/wp\/v2\/pages"}],"about":[{"href":"https:\/\/www.moderco.com\/fr\/wp-json\/wp\/v2\/types\/page"}],"author":[{"embeddable":true,"href":"https:\/\/www.moderco.com\/fr\/wp-json\/wp\/v2\/users\/1"}],"replies":[{"embeddable":true,"href":"https:\/\/www.moderco.com\/fr\/wp-json\/wp\/v2\/comments?post=147"}],"version-history":[{"count":8,"href":"https:\/\/www.moderco.com\/fr\/wp-json\/wp\/v2\/pages\/147\/revisions"}],"predecessor-version":[{"id":43077,"href":"https:\/\/www.moderco.com\/fr\/wp-json\/wp\/v2\/pages\/147\/revisions\/43077"}],"wp:attachment":[{"href":"https:\/\/www.moderco.com\/fr\/wp-json\/wp\/v2\/media?parent=147"}],"curies":[{"name":"wp","href":"https:\/\/api.w.org\/{rel}","templated":true}]}}