{"id":20156,"date":"2020-09-14T13:43:44","date_gmt":"2020-09-14T13:43:44","guid":{"rendered":"https:\/\/www.moderco.com\/nathalie-pelletier\/"},"modified":"2021-11-10T20:37:13","modified_gmt":"2021-11-10T20:37:13","slug":"nathalie-pelletier","status":"publish","type":"page","link":"https:\/\/www.moderco.com\/fr\/nathalie-pelletier\/","title":{"rendered":"Nathalie Pelletier"},"content":{"rendered":"<p>\t\t\t\t<img loading=\"lazy\" decoding=\"async\" src=\"https:\/\/www.moderco.com\/wp-content\/uploads\/2020\/09\/Nathalie-Pelletier-24-08-2020.jpg\" alt=\"Nathalie-Pelletier-24-08-2020\" itemprop=\"image\" height=\"700\" width=\"700\"  \/><\/p>\n<h3>\n\t\tNathalie Pelletier \u2013 Contr\u00f4leur<br \/>\n\t<\/h3>\n<p>D\u00e8s que l\u2019on constate sa passion pour l\u2019entra\u00eenement, et plus particuli\u00e8rement pour la gymnastique, ainsi que sa fiert\u00e9 d\u2019\u00eatre m\u00e8re de deux athl\u00e8tes, on comprend que \u00ab\u00a0d\u00e9termination\u00a0\u00bb fait partie de l\u2019ADN de Nathalie. Cette qualit\u00e9, elle la met au service de Moderco depuis 1997, motiv\u00e9e encore et toujours par les d\u00e9fis que repr\u00e9sente la croissance soutenue de l\u2019entreprise, ainsi que par la latitude qu\u2019elle a pour atteindre les r\u00e9sultats escompt\u00e9s. Gr\u00e2ce \u00e0 son esprit vif et rationnel, elle sait trouver les mesures et moyens n\u00e9cessaires au maintien de la sant\u00e9 financi\u00e8re de l\u2019entreprise. Et on sait combien les finances, c\u2019est important! La loyaut\u00e9 de Nathalie et ses aptitudes relationnelles font d\u2019elle une membre appr\u00e9ci\u00e9e de l\u2019\u00e9quipe Moderco.<\/p>\n","protected":false},"excerpt":{"rendered":"<p>Nathalie Pelletier \u2013 Contr\u00f4leur D\u00e8s que l\u2019on constate sa passion pour l\u2019entra\u00eenement, et plus particuli\u00e8rement pour la gymnastique, ainsi que sa fiert\u00e9 d\u2019\u00eatre m\u00e8re de deux athl\u00e8tes, on comprend que \u00ab\u00a0d\u00e9termination\u00a0\u00bb fait partie de l\u2019ADN de Nathalie. Cette qualit\u00e9, elle la met au service de Moderco depuis 1997, motiv\u00e9e encore et toujours par les d\u00e9fis&#8230;<\/p>\n","protected":false},"author":1,"featured_media":0,"parent":0,"menu_order":41,"comment_status":"closed","ping_status":"closed","template":"","meta":{"_acf_changed":false,"_bbp_topic_count":0,"_bbp_reply_count":0,"_bbp_total_topic_count":0,"_bbp_total_reply_count":0,"_bbp_voice_count":0,"_bbp_anonymous_reply_count":0,"_bbp_topic_count_hidden":0,"_bbp_reply_count_hidden":0,"_bbp_forum_subforum_count":0,"footnotes":""},"class_list":["post-20156","page","type-page","status-publish","hentry"],"acf":[],"yoast_head":"<!-- This site is optimized with the Yoast SEO plugin v26.2 - https:\/\/yoast.com\/wordpress\/plugins\/seo\/ -->\n<title>Nathalie Pelletier | Moderco<\/title>\n<meta name=\"robots\" content=\"index, follow, max-snippet:-1, max-image-preview:large, max-video-preview:-1\" \/>\n<link rel=\"canonical\" href=\"https:\/\/www.moderco.com\/fr\/nathalie-pelletier\/\" \/>\n<meta property=\"og:locale\" content=\"fr_FR\" \/>\n<meta property=\"og:type\" content=\"article\" \/>\n<meta property=\"og:title\" content=\"Nathalie Pelletier | Moderco\" \/>\n<meta property=\"og:description\" content=\"Nathalie Pelletier \u2013 Contr\u00f4leur D\u00e8s que l\u2019on constate sa passion pour l\u2019entra\u00eenement, et plus particuli\u00e8rement pour la gymnastique, ainsi que sa fiert\u00e9 d\u2019\u00eatre m\u00e8re de deux athl\u00e8tes, on comprend que \u00ab\u00a0d\u00e9termination\u00a0\u00bb fait partie de l\u2019ADN de Nathalie. Cette qualit\u00e9, elle la met au service de Moderco depuis 1997, motiv\u00e9e encore et toujours par les d\u00e9fis...\" \/>\n<meta property=\"og:url\" content=\"https:\/\/www.moderco.com\/fr\/nathalie-pelletier\/\" \/>\n<meta property=\"og:site_name\" content=\"Moderco\" \/>\n<meta property=\"article:modified_time\" content=\"2021-11-10T20:37:13+00:00\" \/>\n<meta property=\"og:image\" content=\"https:\/\/www.moderco.com\/wp-content\/uploads\/2020\/09\/Nathalie-Pelletier-24-08-2020.jpg\" \/>\n<meta name=\"twitter:label1\" content=\"Dur\u00e9e de lecture estim\u00e9e\" \/>\n\t<meta name=\"twitter:data1\" content=\"1 minute\" \/>\n<script type=\"application\/ld+json\" class=\"yoast-schema-graph\">{\"@context\":\"https:\/\/schema.org\",\"@graph\":[{\"@type\":\"WebPage\",\"@id\":\"https:\/\/www.moderco.com\/fr\/nathalie-pelletier\/\",\"url\":\"https:\/\/www.moderco.com\/fr\/nathalie-pelletier\/\",\"name\":\"Nathalie Pelletier | Moderco\",\"isPartOf\":{\"@id\":\"https:\/\/www.moderco.com\/#website\"},\"primaryImageOfPage\":{\"@id\":\"https:\/\/www.moderco.com\/fr\/nathalie-pelletier\/#primaryimage\"},\"image\":{\"@id\":\"https:\/\/www.moderco.com\/fr\/nathalie-pelletier\/#primaryimage\"},\"thumbnailUrl\":\"https:\/\/www.moderco.com\/wp-content\/uploads\/2020\/09\/Nathalie-Pelletier-24-08-2020.jpg\",\"datePublished\":\"2020-09-14T13:43:44+00:00\",\"dateModified\":\"2021-11-10T20:37:13+00:00\",\"breadcrumb\":{\"@id\":\"https:\/\/www.moderco.com\/fr\/nathalie-pelletier\/#breadcrumb\"},\"inLanguage\":\"fr-FR\",\"potentialAction\":[{\"@type\":\"ReadAction\",\"target\":[\"https:\/\/www.moderco.com\/fr\/nathalie-pelletier\/\"]}]},{\"@type\":\"ImageObject\",\"inLanguage\":\"fr-FR\",\"@id\":\"https:\/\/www.moderco.com\/fr\/nathalie-pelletier\/#primaryimage\",\"url\":\"https:\/\/www.moderco.com\/wp-content\/uploads\/2020\/09\/Nathalie-Pelletier-24-08-2020.jpg\",\"contentUrl\":\"https:\/\/www.moderco.com\/wp-content\/uploads\/2020\/09\/Nathalie-Pelletier-24-08-2020.jpg\"},{\"@type\":\"BreadcrumbList\",\"@id\":\"https:\/\/www.moderco.com\/fr\/nathalie-pelletier\/#breadcrumb\",\"itemListElement\":[{\"@type\":\"ListItem\",\"position\":1,\"name\":\"Home\",\"item\":\"https:\/\/www.moderco.com\/fr\/\"},{\"@type\":\"ListItem\",\"position\":2,\"name\":\"Nathalie Pelletier\"}]},{\"@type\":\"WebSite\",\"@id\":\"https:\/\/www.moderco.com\/#website\",\"url\":\"https:\/\/www.moderco.com\/\",\"name\":\"Moderco\",\"description\":\"Un site utilisant WordPress\",\"publisher\":{\"@id\":\"https:\/\/www.moderco.com\/#organization\"},\"potentialAction\":[{\"@type\":\"SearchAction\",\"target\":{\"@type\":\"EntryPoint\",\"urlTemplate\":\"https:\/\/www.moderco.com\/?s={search_term_string}\"},\"query-input\":{\"@type\":\"PropertyValueSpecification\",\"valueRequired\":true,\"valueName\":\"search_term_string\"}}],\"inLanguage\":\"fr-FR\"},{\"@type\":\"Organization\",\"@id\":\"https:\/\/www.moderco.com\/#organization\",\"name\":\"Moderco\",\"url\":\"https:\/\/www.moderco.com\/\",\"logo\":{\"@type\":\"ImageObject\",\"inLanguage\":\"fr-FR\",\"@id\":\"https:\/\/www.moderco.com\/#\/schema\/logo\/image\/\",\"url\":\"https:\/\/www.moderco.com\/wp-content\/uploads\/2026\/02\/moderco-site-logo.webp\",\"contentUrl\":\"https:\/\/www.moderco.com\/wp-content\/uploads\/2026\/02\/moderco-site-logo.webp\",\"width\":700,\"height\":700,\"caption\":\"Moderco\"},\"image\":{\"@id\":\"https:\/\/www.moderco.com\/#\/schema\/logo\/image\/\"}}]}<\/script>\n<!-- \/ Yoast SEO plugin. -->","yoast_head_json":{"title":"Nathalie Pelletier | Moderco","robots":{"index":"index","follow":"follow","max-snippet":"max-snippet:-1","max-image-preview":"max-image-preview:large","max-video-preview":"max-video-preview:-1"},"canonical":"https:\/\/www.moderco.com\/fr\/nathalie-pelletier\/","og_locale":"fr_FR","og_type":"article","og_title":"Nathalie Pelletier | Moderco","og_description":"Nathalie Pelletier \u2013 Contr\u00f4leur D\u00e8s que l\u2019on constate sa passion pour l\u2019entra\u00eenement, et plus particuli\u00e8rement pour la gymnastique, ainsi que sa fiert\u00e9 d\u2019\u00eatre m\u00e8re de deux athl\u00e8tes, on comprend que \u00ab\u00a0d\u00e9termination\u00a0\u00bb fait partie de l\u2019ADN de Nathalie. Cette qualit\u00e9, elle la met au service de Moderco depuis 1997, motiv\u00e9e encore et toujours par les d\u00e9fis...","og_url":"https:\/\/www.moderco.com\/fr\/nathalie-pelletier\/","og_site_name":"Moderco","article_modified_time":"2021-11-10T20:37:13+00:00","og_image":[{"url":"https:\/\/www.moderco.com\/wp-content\/uploads\/2020\/09\/Nathalie-Pelletier-24-08-2020.jpg","type":"","width":"","height":""}],"twitter_misc":{"Dur\u00e9e de lecture estim\u00e9e":"1 minute"},"schema":{"@context":"https:\/\/schema.org","@graph":[{"@type":"WebPage","@id":"https:\/\/www.moderco.com\/fr\/nathalie-pelletier\/","url":"https:\/\/www.moderco.com\/fr\/nathalie-pelletier\/","name":"Nathalie Pelletier | Moderco","isPartOf":{"@id":"https:\/\/www.moderco.com\/#website"},"primaryImageOfPage":{"@id":"https:\/\/www.moderco.com\/fr\/nathalie-pelletier\/#primaryimage"},"image":{"@id":"https:\/\/www.moderco.com\/fr\/nathalie-pelletier\/#primaryimage"},"thumbnailUrl":"https:\/\/www.moderco.com\/wp-content\/uploads\/2020\/09\/Nathalie-Pelletier-24-08-2020.jpg","datePublished":"2020-09-14T13:43:44+00:00","dateModified":"2021-11-10T20:37:13+00:00","breadcrumb":{"@id":"https:\/\/www.moderco.com\/fr\/nathalie-pelletier\/#breadcrumb"},"inLanguage":"fr-FR","potentialAction":[{"@type":"ReadAction","target":["https:\/\/www.moderco.com\/fr\/nathalie-pelletier\/"]}]},{"@type":"ImageObject","inLanguage":"fr-FR","@id":"https:\/\/www.moderco.com\/fr\/nathalie-pelletier\/#primaryimage","url":"https:\/\/www.moderco.com\/wp-content\/uploads\/2020\/09\/Nathalie-Pelletier-24-08-2020.jpg","contentUrl":"https:\/\/www.moderco.com\/wp-content\/uploads\/2020\/09\/Nathalie-Pelletier-24-08-2020.jpg"},{"@type":"BreadcrumbList","@id":"https:\/\/www.moderco.com\/fr\/nathalie-pelletier\/#breadcrumb","itemListElement":[{"@type":"ListItem","position":1,"name":"Home","item":"https:\/\/www.moderco.com\/fr\/"},{"@type":"ListItem","position":2,"name":"Nathalie Pelletier"}]},{"@type":"WebSite","@id":"https:\/\/www.moderco.com\/#website","url":"https:\/\/www.moderco.com\/","name":"Moderco","description":"Un site utilisant WordPress","publisher":{"@id":"https:\/\/www.moderco.com\/#organization"},"potentialAction":[{"@type":"SearchAction","target":{"@type":"EntryPoint","urlTemplate":"https:\/\/www.moderco.com\/?s={search_term_string}"},"query-input":{"@type":"PropertyValueSpecification","valueRequired":true,"valueName":"search_term_string"}}],"inLanguage":"fr-FR"},{"@type":"Organization","@id":"https:\/\/www.moderco.com\/#organization","name":"Moderco","url":"https:\/\/www.moderco.com\/","logo":{"@type":"ImageObject","inLanguage":"fr-FR","@id":"https:\/\/www.moderco.com\/#\/schema\/logo\/image\/","url":"https:\/\/www.moderco.com\/wp-content\/uploads\/2026\/02\/moderco-site-logo.webp","contentUrl":"https:\/\/www.moderco.com\/wp-content\/uploads\/2026\/02\/moderco-site-logo.webp","width":700,"height":700,"caption":"Moderco"},"image":{"@id":"https:\/\/www.moderco.com\/#\/schema\/logo\/image\/"}}]}},"_links":{"self":[{"href":"https:\/\/www.moderco.com\/fr\/wp-json\/wp\/v2\/pages\/20156","targetHints":{"allow":["GET"]}}],"collection":[{"href":"https:\/\/www.moderco.com\/fr\/wp-json\/wp\/v2\/pages"}],"about":[{"href":"https:\/\/www.moderco.com\/fr\/wp-json\/wp\/v2\/types\/page"}],"author":[{"embeddable":true,"href":"https:\/\/www.moderco.com\/fr\/wp-json\/wp\/v2\/users\/1"}],"replies":[{"embeddable":true,"href":"https:\/\/www.moderco.com\/fr\/wp-json\/wp\/v2\/comments?post=20156"}],"version-history":[{"count":7,"href":"https:\/\/www.moderco.com\/fr\/wp-json\/wp\/v2\/pages\/20156\/revisions"}],"predecessor-version":[{"id":22586,"href":"https:\/\/www.moderco.com\/fr\/wp-json\/wp\/v2\/pages\/20156\/revisions\/22586"}],"wp:attachment":[{"href":"https:\/\/www.moderco.com\/fr\/wp-json\/wp\/v2\/media?parent=20156"}],"curies":[{"name":"wp","href":"https:\/\/api.w.org\/{rel}","templated":true}]}}