{"id":20197,"date":"2020-09-14T13:36:29","date_gmt":"2020-09-14T13:36:29","guid":{"rendered":"https:\/\/www.moderco.com\/mario-fyfe\/"},"modified":"2021-11-10T20:34:58","modified_gmt":"2021-11-10T20:34:58","slug":"mario-fyfe","status":"publish","type":"page","link":"https:\/\/www.moderco.com\/fr\/mario-fyfe\/","title":{"rendered":"Mario Fyfe"},"content":{"rendered":"<p>\t\t\t\t<img loading=\"lazy\" decoding=\"async\" src=\"https:\/\/www.moderco.com\/wp-content\/uploads\/2020\/09\/Mario-Fyfe-24-08-2020.jpg\" alt=\"Mario-Fyfe-24-08-2020\" itemprop=\"image\" height=\"700\" width=\"700\"  \/><\/p>\n<h3>\n\t\tMario Fyfe, Arch. \u2013 Directeur, Produits<br \/>\n\t<\/h3>\n<p>La structure, l\u2019\u00e9quilibre et la fonctionnalit\u00e9 sont des consid\u00e9rations importantes en architecture, et Mario a su garder cette approche qu\u2019il a apprise dans le cadre de sa formation premi\u00e8re, et ce, tant dans sa vie personnelle que professionnelle. Le golf et les bons repas en famille ou entre amis sont source de d\u00e9tente et d\u2019\u00e9quilibre pour Mario. Son sens de l\u2019organisation et sa connaissance des clients, acquises pendant ses 17 ann\u00e9es au sein du service des Ventes de Moderco, sont un atout important. En effet, dans le poste actuel, qu\u2019il occupe depuis 2015, ces aptitudes lui permettent de bien encadrer le design des produits et d\u2019assurer leur qualit\u00e9, pour le plus grand b\u00e9n\u00e9fice de nos clients.<\/p>\n","protected":false},"excerpt":{"rendered":"<p>Mario Fyfe, Arch. \u2013 Directeur, Produits La structure, l\u2019\u00e9quilibre et la fonctionnalit\u00e9 sont des consid\u00e9rations importantes en architecture, et Mario a su garder cette approche qu\u2019il a apprise dans le cadre de sa formation premi\u00e8re, et ce, tant dans sa vie personnelle que professionnelle. Le golf et les bons repas en famille ou entre amis&#8230;<\/p>\n","protected":false},"author":1,"featured_media":0,"parent":0,"menu_order":36,"comment_status":"closed","ping_status":"closed","template":"","meta":{"_acf_changed":false,"_bbp_topic_count":0,"_bbp_reply_count":0,"_bbp_total_topic_count":0,"_bbp_total_reply_count":0,"_bbp_voice_count":0,"_bbp_anonymous_reply_count":0,"_bbp_topic_count_hidden":0,"_bbp_reply_count_hidden":0,"_bbp_forum_subforum_count":0,"footnotes":""},"class_list":["post-20197","page","type-page","status-publish","hentry"],"acf":[],"yoast_head":"<!-- This site is optimized with the Yoast SEO plugin v26.2 - https:\/\/yoast.com\/wordpress\/plugins\/seo\/ -->\n<title>Mario Fyfe | Moderco<\/title>\n<meta name=\"robots\" content=\"index, follow, max-snippet:-1, max-image-preview:large, max-video-preview:-1\" \/>\n<link rel=\"canonical\" href=\"https:\/\/www.moderco.com\/fr\/mario-fyfe\/\" \/>\n<meta property=\"og:locale\" content=\"fr_FR\" \/>\n<meta property=\"og:type\" content=\"article\" \/>\n<meta property=\"og:title\" content=\"Mario Fyfe | Moderco\" \/>\n<meta property=\"og:description\" content=\"Mario Fyfe, Arch. \u2013 Directeur, Produits La structure, l\u2019\u00e9quilibre et la fonctionnalit\u00e9 sont des consid\u00e9rations importantes en architecture, et Mario a su garder cette approche qu\u2019il a apprise dans le cadre de sa formation premi\u00e8re, et ce, tant dans sa vie personnelle que professionnelle. Le golf et les bons repas en famille ou entre amis...\" \/>\n<meta property=\"og:url\" content=\"https:\/\/www.moderco.com\/fr\/mario-fyfe\/\" \/>\n<meta property=\"og:site_name\" content=\"Moderco\" \/>\n<meta property=\"article:modified_time\" content=\"2021-11-10T20:34:58+00:00\" \/>\n<meta property=\"og:image\" content=\"https:\/\/www.moderco.com\/wp-content\/uploads\/2020\/09\/Mario-Fyfe-24-08-2020.jpg\" \/>\n<meta name=\"twitter:label1\" content=\"Dur\u00e9e de lecture estim\u00e9e\" \/>\n\t<meta name=\"twitter:data1\" content=\"1 minute\" \/>\n<script type=\"application\/ld+json\" class=\"yoast-schema-graph\">{\"@context\":\"https:\/\/schema.org\",\"@graph\":[{\"@type\":\"WebPage\",\"@id\":\"https:\/\/www.moderco.com\/fr\/mario-fyfe\/\",\"url\":\"https:\/\/www.moderco.com\/fr\/mario-fyfe\/\",\"name\":\"Mario Fyfe | Moderco\",\"isPartOf\":{\"@id\":\"https:\/\/www.moderco.com\/#website\"},\"primaryImageOfPage\":{\"@id\":\"https:\/\/www.moderco.com\/fr\/mario-fyfe\/#primaryimage\"},\"image\":{\"@id\":\"https:\/\/www.moderco.com\/fr\/mario-fyfe\/#primaryimage\"},\"thumbnailUrl\":\"https:\/\/www.moderco.com\/wp-content\/uploads\/2020\/09\/Mario-Fyfe-24-08-2020.jpg\",\"datePublished\":\"2020-09-14T13:36:29+00:00\",\"dateModified\":\"2021-11-10T20:34:58+00:00\",\"breadcrumb\":{\"@id\":\"https:\/\/www.moderco.com\/fr\/mario-fyfe\/#breadcrumb\"},\"inLanguage\":\"fr-FR\",\"potentialAction\":[{\"@type\":\"ReadAction\",\"target\":[\"https:\/\/www.moderco.com\/fr\/mario-fyfe\/\"]}]},{\"@type\":\"ImageObject\",\"inLanguage\":\"fr-FR\",\"@id\":\"https:\/\/www.moderco.com\/fr\/mario-fyfe\/#primaryimage\",\"url\":\"https:\/\/www.moderco.com\/wp-content\/uploads\/2020\/09\/Mario-Fyfe-24-08-2020.jpg\",\"contentUrl\":\"https:\/\/www.moderco.com\/wp-content\/uploads\/2020\/09\/Mario-Fyfe-24-08-2020.jpg\"},{\"@type\":\"BreadcrumbList\",\"@id\":\"https:\/\/www.moderco.com\/fr\/mario-fyfe\/#breadcrumb\",\"itemListElement\":[{\"@type\":\"ListItem\",\"position\":1,\"name\":\"Home\",\"item\":\"https:\/\/www.moderco.com\/fr\/\"},{\"@type\":\"ListItem\",\"position\":2,\"name\":\"Mario Fyfe\"}]},{\"@type\":\"WebSite\",\"@id\":\"https:\/\/www.moderco.com\/#website\",\"url\":\"https:\/\/www.moderco.com\/\",\"name\":\"Moderco\",\"description\":\"Un site utilisant WordPress\",\"publisher\":{\"@id\":\"https:\/\/www.moderco.com\/#organization\"},\"potentialAction\":[{\"@type\":\"SearchAction\",\"target\":{\"@type\":\"EntryPoint\",\"urlTemplate\":\"https:\/\/www.moderco.com\/?s={search_term_string}\"},\"query-input\":{\"@type\":\"PropertyValueSpecification\",\"valueRequired\":true,\"valueName\":\"search_term_string\"}}],\"inLanguage\":\"fr-FR\"},{\"@type\":\"Organization\",\"@id\":\"https:\/\/www.moderco.com\/#organization\",\"name\":\"Moderco\",\"url\":\"https:\/\/www.moderco.com\/\",\"logo\":{\"@type\":\"ImageObject\",\"inLanguage\":\"fr-FR\",\"@id\":\"https:\/\/www.moderco.com\/#\/schema\/logo\/image\/\",\"url\":\"https:\/\/www.moderco.com\/wp-content\/uploads\/2026\/02\/moderco-site-logo.webp\",\"contentUrl\":\"https:\/\/www.moderco.com\/wp-content\/uploads\/2026\/02\/moderco-site-logo.webp\",\"width\":700,\"height\":700,\"caption\":\"Moderco\"},\"image\":{\"@id\":\"https:\/\/www.moderco.com\/#\/schema\/logo\/image\/\"}}]}<\/script>\n<!-- \/ Yoast SEO plugin. -->","yoast_head_json":{"title":"Mario Fyfe | Moderco","robots":{"index":"index","follow":"follow","max-snippet":"max-snippet:-1","max-image-preview":"max-image-preview:large","max-video-preview":"max-video-preview:-1"},"canonical":"https:\/\/www.moderco.com\/fr\/mario-fyfe\/","og_locale":"fr_FR","og_type":"article","og_title":"Mario Fyfe | Moderco","og_description":"Mario Fyfe, Arch. \u2013 Directeur, Produits La structure, l\u2019\u00e9quilibre et la fonctionnalit\u00e9 sont des consid\u00e9rations importantes en architecture, et Mario a su garder cette approche qu\u2019il a apprise dans le cadre de sa formation premi\u00e8re, et ce, tant dans sa vie personnelle que professionnelle. Le golf et les bons repas en famille ou entre amis...","og_url":"https:\/\/www.moderco.com\/fr\/mario-fyfe\/","og_site_name":"Moderco","article_modified_time":"2021-11-10T20:34:58+00:00","og_image":[{"url":"https:\/\/www.moderco.com\/wp-content\/uploads\/2020\/09\/Mario-Fyfe-24-08-2020.jpg","type":"","width":"","height":""}],"twitter_misc":{"Dur\u00e9e de lecture estim\u00e9e":"1 minute"},"schema":{"@context":"https:\/\/schema.org","@graph":[{"@type":"WebPage","@id":"https:\/\/www.moderco.com\/fr\/mario-fyfe\/","url":"https:\/\/www.moderco.com\/fr\/mario-fyfe\/","name":"Mario Fyfe | Moderco","isPartOf":{"@id":"https:\/\/www.moderco.com\/#website"},"primaryImageOfPage":{"@id":"https:\/\/www.moderco.com\/fr\/mario-fyfe\/#primaryimage"},"image":{"@id":"https:\/\/www.moderco.com\/fr\/mario-fyfe\/#primaryimage"},"thumbnailUrl":"https:\/\/www.moderco.com\/wp-content\/uploads\/2020\/09\/Mario-Fyfe-24-08-2020.jpg","datePublished":"2020-09-14T13:36:29+00:00","dateModified":"2021-11-10T20:34:58+00:00","breadcrumb":{"@id":"https:\/\/www.moderco.com\/fr\/mario-fyfe\/#breadcrumb"},"inLanguage":"fr-FR","potentialAction":[{"@type":"ReadAction","target":["https:\/\/www.moderco.com\/fr\/mario-fyfe\/"]}]},{"@type":"ImageObject","inLanguage":"fr-FR","@id":"https:\/\/www.moderco.com\/fr\/mario-fyfe\/#primaryimage","url":"https:\/\/www.moderco.com\/wp-content\/uploads\/2020\/09\/Mario-Fyfe-24-08-2020.jpg","contentUrl":"https:\/\/www.moderco.com\/wp-content\/uploads\/2020\/09\/Mario-Fyfe-24-08-2020.jpg"},{"@type":"BreadcrumbList","@id":"https:\/\/www.moderco.com\/fr\/mario-fyfe\/#breadcrumb","itemListElement":[{"@type":"ListItem","position":1,"name":"Home","item":"https:\/\/www.moderco.com\/fr\/"},{"@type":"ListItem","position":2,"name":"Mario Fyfe"}]},{"@type":"WebSite","@id":"https:\/\/www.moderco.com\/#website","url":"https:\/\/www.moderco.com\/","name":"Moderco","description":"Un site utilisant WordPress","publisher":{"@id":"https:\/\/www.moderco.com\/#organization"},"potentialAction":[{"@type":"SearchAction","target":{"@type":"EntryPoint","urlTemplate":"https:\/\/www.moderco.com\/?s={search_term_string}"},"query-input":{"@type":"PropertyValueSpecification","valueRequired":true,"valueName":"search_term_string"}}],"inLanguage":"fr-FR"},{"@type":"Organization","@id":"https:\/\/www.moderco.com\/#organization","name":"Moderco","url":"https:\/\/www.moderco.com\/","logo":{"@type":"ImageObject","inLanguage":"fr-FR","@id":"https:\/\/www.moderco.com\/#\/schema\/logo\/image\/","url":"https:\/\/www.moderco.com\/wp-content\/uploads\/2026\/02\/moderco-site-logo.webp","contentUrl":"https:\/\/www.moderco.com\/wp-content\/uploads\/2026\/02\/moderco-site-logo.webp","width":700,"height":700,"caption":"Moderco"},"image":{"@id":"https:\/\/www.moderco.com\/#\/schema\/logo\/image\/"}}]}},"_links":{"self":[{"href":"https:\/\/www.moderco.com\/fr\/wp-json\/wp\/v2\/pages\/20197","targetHints":{"allow":["GET"]}}],"collection":[{"href":"https:\/\/www.moderco.com\/fr\/wp-json\/wp\/v2\/pages"}],"about":[{"href":"https:\/\/www.moderco.com\/fr\/wp-json\/wp\/v2\/types\/page"}],"author":[{"embeddable":true,"href":"https:\/\/www.moderco.com\/fr\/wp-json\/wp\/v2\/users\/1"}],"replies":[{"embeddable":true,"href":"https:\/\/www.moderco.com\/fr\/wp-json\/wp\/v2\/comments?post=20197"}],"version-history":[{"count":8,"href":"https:\/\/www.moderco.com\/fr\/wp-json\/wp\/v2\/pages\/20197\/revisions"}],"predecessor-version":[{"id":22585,"href":"https:\/\/www.moderco.com\/fr\/wp-json\/wp\/v2\/pages\/20197\/revisions\/22585"}],"wp:attachment":[{"href":"https:\/\/www.moderco.com\/fr\/wp-json\/wp\/v2\/media?parent=20197"}],"curies":[{"name":"wp","href":"https:\/\/api.w.org\/{rel}","templated":true}]}}