{"id":20206,"date":"2020-09-14T13:38:37","date_gmt":"2020-09-14T13:38:37","guid":{"rendered":"https:\/\/www.moderco.com\/aren-makalian\/"},"modified":"2021-11-10T20:38:59","modified_gmt":"2021-11-10T20:38:59","slug":"aren-makalian","status":"publish","type":"page","link":"https:\/\/www.moderco.com\/fr\/aren-makalian\/","title":{"rendered":"Aren Makalian"},"content":{"rendered":"<p>\t\t\t\t<img loading=\"lazy\" decoding=\"async\" src=\"https:\/\/www.moderco.com\/wp-content\/uploads\/2020\/09\/Aren-Malakian-24-08-2020.jpg\" alt=\"Aren-Malakian-24-08-2020\" itemprop=\"image\" height=\"700\" width=\"700\"  \/><\/p>\n<h3>\n\t\tAren Makalian \u2013 <br \/>Directeur, Marketing web<br \/>\n\t<\/h3>\n<p>Lorsqu\u2019il d\u00e9cide d\u2019entreprendre un projet, il n\u2019y va jamais \u00e0 moiti\u00e9! Qu\u2019il s\u2019agisse de convertir \u00e0 l\u2019\u00e9lectricit\u00e9 de vieux v\u00e9hicules Jeep ou Land Rover pendant ses heures de loisirs, de r\u00e9aliser projet universitaire d\u2019entreprise qui a lanc\u00e9 son agence de marketing num\u00e9rique Shooga en 2010, ou de prendre en charge les besoins d\u2019un client comme Moderco, Aren met tout en \u0153uvre pour r\u00e9ussir. Car pour lui, ce sont les r\u00e9sultats qui comptent. C\u2019est d\u2019ailleurs une des raisons pour lesquelles Moderco a d\u00e9di\u00e9 une \u00e9quipe hautement comp\u00e9tente au rayonnement de l\u2019entreprise sur le web. Ce qu\u2019Aren appr\u00e9cie dans cette relation construite au fil des ans, c\u2019est la confiance et la latitude qu\u2019on lui accorde pour aboutir aux r\u00e9sultats, ainsi que l\u2019appr\u00e9ciation qu\u2019on lui t\u00e9moigne. Il en r\u00e9sulte un v\u00e9ritable partenariat.<\/p>\n","protected":false},"excerpt":{"rendered":"<p>Aren Makalian \u2013 Directeur, Marketing web Lorsqu\u2019il d\u00e9cide d\u2019entreprendre un projet, il n\u2019y va jamais \u00e0 moiti\u00e9! Qu\u2019il s\u2019agisse de convertir \u00e0 l\u2019\u00e9lectricit\u00e9 de vieux v\u00e9hicules Jeep ou Land Rover pendant ses heures de loisirs, de r\u00e9aliser projet universitaire d\u2019entreprise qui a lanc\u00e9 son agence de marketing num\u00e9rique Shooga en 2010, ou de prendre en&#8230;<\/p>\n","protected":false},"author":1,"featured_media":0,"parent":0,"menu_order":14,"comment_status":"closed","ping_status":"closed","template":"","meta":{"_acf_changed":false,"_bbp_topic_count":0,"_bbp_reply_count":0,"_bbp_total_topic_count":0,"_bbp_total_reply_count":0,"_bbp_voice_count":0,"_bbp_anonymous_reply_count":0,"_bbp_topic_count_hidden":0,"_bbp_reply_count_hidden":0,"_bbp_forum_subforum_count":0,"footnotes":""},"class_list":["post-20206","page","type-page","status-publish","hentry"],"acf":[],"yoast_head":"<!-- This site is optimized with the Yoast SEO plugin v26.2 - https:\/\/yoast.com\/wordpress\/plugins\/seo\/ -->\n<title>Aren Makalian | Moderco<\/title>\n<meta name=\"robots\" content=\"index, follow, max-snippet:-1, max-image-preview:large, max-video-preview:-1\" \/>\n<link rel=\"canonical\" href=\"https:\/\/www.moderco.com\/fr\/aren-makalian\/\" \/>\n<meta property=\"og:locale\" content=\"fr_FR\" \/>\n<meta property=\"og:type\" content=\"article\" \/>\n<meta property=\"og:title\" content=\"Aren Makalian | Moderco\" \/>\n<meta property=\"og:description\" content=\"Aren Makalian \u2013 Directeur, Marketing web Lorsqu\u2019il d\u00e9cide d\u2019entreprendre un projet, il n\u2019y va jamais \u00e0 moiti\u00e9! Qu\u2019il s\u2019agisse de convertir \u00e0 l\u2019\u00e9lectricit\u00e9 de vieux v\u00e9hicules Jeep ou Land Rover pendant ses heures de loisirs, de r\u00e9aliser projet universitaire d\u2019entreprise qui a lanc\u00e9 son agence de marketing num\u00e9rique Shooga en 2010, ou de prendre en...\" \/>\n<meta property=\"og:url\" content=\"https:\/\/www.moderco.com\/fr\/aren-makalian\/\" \/>\n<meta property=\"og:site_name\" content=\"Moderco\" \/>\n<meta property=\"article:modified_time\" content=\"2021-11-10T20:38:59+00:00\" \/>\n<meta property=\"og:image\" content=\"https:\/\/www.moderco.com\/wp-content\/uploads\/2020\/09\/Aren-Malakian-24-08-2020.jpg\" \/>\n<meta name=\"twitter:label1\" content=\"Dur\u00e9e de lecture estim\u00e9e\" \/>\n\t<meta name=\"twitter:data1\" content=\"1 minute\" \/>\n<script type=\"application\/ld+json\" class=\"yoast-schema-graph\">{\"@context\":\"https:\/\/schema.org\",\"@graph\":[{\"@type\":\"WebPage\",\"@id\":\"https:\/\/www.moderco.com\/fr\/aren-makalian\/\",\"url\":\"https:\/\/www.moderco.com\/fr\/aren-makalian\/\",\"name\":\"Aren Makalian | Moderco\",\"isPartOf\":{\"@id\":\"https:\/\/www.moderco.com\/#website\"},\"primaryImageOfPage\":{\"@id\":\"https:\/\/www.moderco.com\/fr\/aren-makalian\/#primaryimage\"},\"image\":{\"@id\":\"https:\/\/www.moderco.com\/fr\/aren-makalian\/#primaryimage\"},\"thumbnailUrl\":\"https:\/\/www.moderco.com\/wp-content\/uploads\/2020\/09\/Aren-Malakian-24-08-2020.jpg\",\"datePublished\":\"2020-09-14T13:38:37+00:00\",\"dateModified\":\"2021-11-10T20:38:59+00:00\",\"breadcrumb\":{\"@id\":\"https:\/\/www.moderco.com\/fr\/aren-makalian\/#breadcrumb\"},\"inLanguage\":\"fr-FR\",\"potentialAction\":[{\"@type\":\"ReadAction\",\"target\":[\"https:\/\/www.moderco.com\/fr\/aren-makalian\/\"]}]},{\"@type\":\"ImageObject\",\"inLanguage\":\"fr-FR\",\"@id\":\"https:\/\/www.moderco.com\/fr\/aren-makalian\/#primaryimage\",\"url\":\"https:\/\/www.moderco.com\/wp-content\/uploads\/2020\/09\/Aren-Malakian-24-08-2020.jpg\",\"contentUrl\":\"https:\/\/www.moderco.com\/wp-content\/uploads\/2020\/09\/Aren-Malakian-24-08-2020.jpg\"},{\"@type\":\"BreadcrumbList\",\"@id\":\"https:\/\/www.moderco.com\/fr\/aren-makalian\/#breadcrumb\",\"itemListElement\":[{\"@type\":\"ListItem\",\"position\":1,\"name\":\"Home\",\"item\":\"https:\/\/www.moderco.com\/fr\/\"},{\"@type\":\"ListItem\",\"position\":2,\"name\":\"Aren Makalian\"}]},{\"@type\":\"WebSite\",\"@id\":\"https:\/\/www.moderco.com\/#website\",\"url\":\"https:\/\/www.moderco.com\/\",\"name\":\"Moderco\",\"description\":\"Un site utilisant WordPress\",\"publisher\":{\"@id\":\"https:\/\/www.moderco.com\/#organization\"},\"potentialAction\":[{\"@type\":\"SearchAction\",\"target\":{\"@type\":\"EntryPoint\",\"urlTemplate\":\"https:\/\/www.moderco.com\/?s={search_term_string}\"},\"query-input\":{\"@type\":\"PropertyValueSpecification\",\"valueRequired\":true,\"valueName\":\"search_term_string\"}}],\"inLanguage\":\"fr-FR\"},{\"@type\":\"Organization\",\"@id\":\"https:\/\/www.moderco.com\/#organization\",\"name\":\"Moderco\",\"url\":\"https:\/\/www.moderco.com\/\",\"logo\":{\"@type\":\"ImageObject\",\"inLanguage\":\"fr-FR\",\"@id\":\"https:\/\/www.moderco.com\/#\/schema\/logo\/image\/\",\"url\":\"https:\/\/www.moderco.com\/wp-content\/uploads\/2026\/02\/moderco-site-logo.webp\",\"contentUrl\":\"https:\/\/www.moderco.com\/wp-content\/uploads\/2026\/02\/moderco-site-logo.webp\",\"width\":700,\"height\":700,\"caption\":\"Moderco\"},\"image\":{\"@id\":\"https:\/\/www.moderco.com\/#\/schema\/logo\/image\/\"}}]}<\/script>\n<!-- \/ Yoast SEO plugin. -->","yoast_head_json":{"title":"Aren Makalian | Moderco","robots":{"index":"index","follow":"follow","max-snippet":"max-snippet:-1","max-image-preview":"max-image-preview:large","max-video-preview":"max-video-preview:-1"},"canonical":"https:\/\/www.moderco.com\/fr\/aren-makalian\/","og_locale":"fr_FR","og_type":"article","og_title":"Aren Makalian | Moderco","og_description":"Aren Makalian \u2013 Directeur, Marketing web Lorsqu\u2019il d\u00e9cide d\u2019entreprendre un projet, il n\u2019y va jamais \u00e0 moiti\u00e9! Qu\u2019il s\u2019agisse de convertir \u00e0 l\u2019\u00e9lectricit\u00e9 de vieux v\u00e9hicules Jeep ou Land Rover pendant ses heures de loisirs, de r\u00e9aliser projet universitaire d\u2019entreprise qui a lanc\u00e9 son agence de marketing num\u00e9rique Shooga en 2010, ou de prendre en...","og_url":"https:\/\/www.moderco.com\/fr\/aren-makalian\/","og_site_name":"Moderco","article_modified_time":"2021-11-10T20:38:59+00:00","og_image":[{"url":"https:\/\/www.moderco.com\/wp-content\/uploads\/2020\/09\/Aren-Malakian-24-08-2020.jpg","type":"","width":"","height":""}],"twitter_misc":{"Dur\u00e9e de lecture estim\u00e9e":"1 minute"},"schema":{"@context":"https:\/\/schema.org","@graph":[{"@type":"WebPage","@id":"https:\/\/www.moderco.com\/fr\/aren-makalian\/","url":"https:\/\/www.moderco.com\/fr\/aren-makalian\/","name":"Aren Makalian | Moderco","isPartOf":{"@id":"https:\/\/www.moderco.com\/#website"},"primaryImageOfPage":{"@id":"https:\/\/www.moderco.com\/fr\/aren-makalian\/#primaryimage"},"image":{"@id":"https:\/\/www.moderco.com\/fr\/aren-makalian\/#primaryimage"},"thumbnailUrl":"https:\/\/www.moderco.com\/wp-content\/uploads\/2020\/09\/Aren-Malakian-24-08-2020.jpg","datePublished":"2020-09-14T13:38:37+00:00","dateModified":"2021-11-10T20:38:59+00:00","breadcrumb":{"@id":"https:\/\/www.moderco.com\/fr\/aren-makalian\/#breadcrumb"},"inLanguage":"fr-FR","potentialAction":[{"@type":"ReadAction","target":["https:\/\/www.moderco.com\/fr\/aren-makalian\/"]}]},{"@type":"ImageObject","inLanguage":"fr-FR","@id":"https:\/\/www.moderco.com\/fr\/aren-makalian\/#primaryimage","url":"https:\/\/www.moderco.com\/wp-content\/uploads\/2020\/09\/Aren-Malakian-24-08-2020.jpg","contentUrl":"https:\/\/www.moderco.com\/wp-content\/uploads\/2020\/09\/Aren-Malakian-24-08-2020.jpg"},{"@type":"BreadcrumbList","@id":"https:\/\/www.moderco.com\/fr\/aren-makalian\/#breadcrumb","itemListElement":[{"@type":"ListItem","position":1,"name":"Home","item":"https:\/\/www.moderco.com\/fr\/"},{"@type":"ListItem","position":2,"name":"Aren Makalian"}]},{"@type":"WebSite","@id":"https:\/\/www.moderco.com\/#website","url":"https:\/\/www.moderco.com\/","name":"Moderco","description":"Un site utilisant WordPress","publisher":{"@id":"https:\/\/www.moderco.com\/#organization"},"potentialAction":[{"@type":"SearchAction","target":{"@type":"EntryPoint","urlTemplate":"https:\/\/www.moderco.com\/?s={search_term_string}"},"query-input":{"@type":"PropertyValueSpecification","valueRequired":true,"valueName":"search_term_string"}}],"inLanguage":"fr-FR"},{"@type":"Organization","@id":"https:\/\/www.moderco.com\/#organization","name":"Moderco","url":"https:\/\/www.moderco.com\/","logo":{"@type":"ImageObject","inLanguage":"fr-FR","@id":"https:\/\/www.moderco.com\/#\/schema\/logo\/image\/","url":"https:\/\/www.moderco.com\/wp-content\/uploads\/2026\/02\/moderco-site-logo.webp","contentUrl":"https:\/\/www.moderco.com\/wp-content\/uploads\/2026\/02\/moderco-site-logo.webp","width":700,"height":700,"caption":"Moderco"},"image":{"@id":"https:\/\/www.moderco.com\/#\/schema\/logo\/image\/"}}]}},"_links":{"self":[{"href":"https:\/\/www.moderco.com\/fr\/wp-json\/wp\/v2\/pages\/20206","targetHints":{"allow":["GET"]}}],"collection":[{"href":"https:\/\/www.moderco.com\/fr\/wp-json\/wp\/v2\/pages"}],"about":[{"href":"https:\/\/www.moderco.com\/fr\/wp-json\/wp\/v2\/types\/page"}],"author":[{"embeddable":true,"href":"https:\/\/www.moderco.com\/fr\/wp-json\/wp\/v2\/users\/1"}],"replies":[{"embeddable":true,"href":"https:\/\/www.moderco.com\/fr\/wp-json\/wp\/v2\/comments?post=20206"}],"version-history":[{"count":7,"href":"https:\/\/www.moderco.com\/fr\/wp-json\/wp\/v2\/pages\/20206\/revisions"}],"predecessor-version":[{"id":22588,"href":"https:\/\/www.moderco.com\/fr\/wp-json\/wp\/v2\/pages\/20206\/revisions\/22588"}],"wp:attachment":[{"href":"https:\/\/www.moderco.com\/fr\/wp-json\/wp\/v2\/media?parent=20206"}],"curies":[{"name":"wp","href":"https:\/\/api.w.org\/{rel}","templated":true}]}}