{"id":267,"date":"2015-07-27T13:04:39","date_gmt":"2015-07-27T13:04:39","guid":{"rendered":"https:\/\/www.moderco.com\/?page_id=267&#038;lang=fr"},"modified":"2026-01-28T19:28:45","modified_gmt":"2026-01-28T19:28:45","slug":"dealer","status":"publish","type":"page","link":"https:\/\/www.moderco.com\/fr\/dealer\/","title":{"rendered":"Distributeurs"},"content":{"rendered":"\r\n<h2>Un r\u00e9seau de Partenaires<\/h2>\r\n<p>Moderco a une relation solide avec ses distributeurs qui est bas\u00e9e sur la confiance mutuelle, le respect et la fid\u00e9lit\u00e9, aboutissant \u00e0 un support de la cha\u00eene d&rsquo;approvisionnement fiable et coh\u00e9rent.<\/p>\r\n<p>Moderco fournit \u00e0 tous les distributeurs de ventes et du marketing la logistique efficace et les processus commerciaux, l&rsquo;innovation de produit, la qualit\u00e9 de produit et les prix comp\u00e9titifs.<\/p>\r\n<p>Le r\u00e9sultat donne les meilleurs syst\u00e8mes de cloisons fonctionnels disponibles partout dans le monde, con\u00e7u jusqu&rsquo;\u00e0 vos sp\u00e9cifications.<br \/>Contactez votre n\u00e9gociant local et obtenez un devis.<\/p>\r\n","protected":false},"excerpt":{"rendered":"<p>Un r\u00e9seau de Partenaires Moderco a une relation solide avec ses distributeurs qui est bas\u00e9e sur la confiance mutuelle, le respect et la fid\u00e9lit\u00e9, aboutissant \u00e0 un support de la cha\u00eene d&rsquo;approvisionnement fiable et coh\u00e9rent. Moderco fournit \u00e0 tous les distributeurs de ventes et du marketing la logistique efficace et les processus commerciaux, l&rsquo;innovation de&#8230;<\/p>\n","protected":false},"author":1,"featured_media":0,"parent":0,"menu_order":26,"comment_status":"open","ping_status":"closed","template":"","meta":{"_acf_changed":false,"_bbp_topic_count":0,"_bbp_reply_count":0,"_bbp_total_topic_count":0,"_bbp_total_reply_count":0,"_bbp_voice_count":0,"_bbp_anonymous_reply_count":0,"_bbp_topic_count_hidden":0,"_bbp_reply_count_hidden":0,"_bbp_forum_subforum_count":0,"footnotes":""},"class_list":["post-267","page","type-page","status-publish","hentry"],"acf":[],"yoast_head":"<!-- This site is optimized with the Yoast SEO plugin v26.2 - https:\/\/yoast.com\/wordpress\/plugins\/seo\/ -->\n<title>Distributeurs | Moderco<\/title>\n<meta name=\"description\" content=\"Moderco entretient une relation de confiance avec ses distributeurs, bas\u00e9e sur le respect ce qui aboutit a la fiabilit\u00e9 de l&#039;approvisionnement.\" \/>\n<meta name=\"robots\" content=\"index, follow, max-snippet:-1, max-image-preview:large, max-video-preview:-1\" \/>\n<link rel=\"canonical\" href=\"https:\/\/www.moderco.com\/fr\/dealer\/\" \/>\n<meta property=\"og:locale\" content=\"fr_FR\" \/>\n<meta property=\"og:type\" content=\"article\" \/>\n<meta property=\"og:title\" content=\"Distributeurs | Moderco\" \/>\n<meta property=\"og:description\" content=\"Moderco entretient une relation de confiance avec ses distributeurs, bas\u00e9e sur le respect ce qui aboutit a la fiabilit\u00e9 de l&#039;approvisionnement.\" \/>\n<meta property=\"og:url\" content=\"https:\/\/www.moderco.com\/fr\/dealer\/\" \/>\n<meta property=\"og:site_name\" content=\"Moderco\" \/>\n<meta property=\"article:modified_time\" content=\"2026-01-28T19:28:45+00:00\" \/>\n<meta property=\"og:image\" content=\"https:\/\/www.moderco.com\/wp-content\/uploads\/2025\/09\/moderco-banner-slider-image-1-1.webp\" \/>\n\t<meta property=\"og:image:width\" content=\"2042\" \/>\n\t<meta property=\"og:image:height\" content=\"1214\" \/>\n\t<meta property=\"og:image:type\" content=\"image\/webp\" \/>\n<meta name=\"twitter:label1\" content=\"Dur\u00e9e de lecture estim\u00e9e\" \/>\n\t<meta name=\"twitter:data1\" content=\"1 minute\" \/>\n<script type=\"application\/ld+json\" class=\"yoast-schema-graph\">{\"@context\":\"https:\/\/schema.org\",\"@graph\":[{\"@type\":\"WebPage\",\"@id\":\"https:\/\/www.moderco.com\/fr\/dealer\/\",\"url\":\"https:\/\/www.moderco.com\/fr\/dealer\/\",\"name\":\"Distributeurs | Moderco\",\"isPartOf\":{\"@id\":\"https:\/\/www.moderco.com\/#website\"},\"datePublished\":\"2015-07-27T13:04:39+00:00\",\"dateModified\":\"2026-01-28T19:28:45+00:00\",\"description\":\"Moderco entretient une relation de confiance avec ses distributeurs, bas\u00e9e sur le respect ce qui aboutit a la fiabilit\u00e9 de l'approvisionnement.\",\"breadcrumb\":{\"@id\":\"https:\/\/www.moderco.com\/fr\/dealer\/#breadcrumb\"},\"inLanguage\":\"fr-FR\",\"potentialAction\":[{\"@type\":\"ReadAction\",\"target\":[\"https:\/\/www.moderco.com\/fr\/dealer\/\"]}]},{\"@type\":\"BreadcrumbList\",\"@id\":\"https:\/\/www.moderco.com\/fr\/dealer\/#breadcrumb\",\"itemListElement\":[{\"@type\":\"ListItem\",\"position\":1,\"name\":\"Home\",\"item\":\"https:\/\/www.moderco.com\/fr\/\"},{\"@type\":\"ListItem\",\"position\":2,\"name\":\"Distributeurs\"}]},{\"@type\":\"WebSite\",\"@id\":\"https:\/\/www.moderco.com\/#website\",\"url\":\"https:\/\/www.moderco.com\/\",\"name\":\"Moderco\",\"description\":\"Un site utilisant WordPress\",\"publisher\":{\"@id\":\"https:\/\/www.moderco.com\/#organization\"},\"potentialAction\":[{\"@type\":\"SearchAction\",\"target\":{\"@type\":\"EntryPoint\",\"urlTemplate\":\"https:\/\/www.moderco.com\/?s={search_term_string}\"},\"query-input\":{\"@type\":\"PropertyValueSpecification\",\"valueRequired\":true,\"valueName\":\"search_term_string\"}}],\"inLanguage\":\"fr-FR\"},{\"@type\":\"Organization\",\"@id\":\"https:\/\/www.moderco.com\/#organization\",\"name\":\"Moderco\",\"url\":\"https:\/\/www.moderco.com\/\",\"logo\":{\"@type\":\"ImageObject\",\"inLanguage\":\"fr-FR\",\"@id\":\"https:\/\/www.moderco.com\/#\/schema\/logo\/image\/\",\"url\":\"https:\/\/www.moderco.com\/wp-content\/uploads\/2026\/02\/moderco-site-logo.webp\",\"contentUrl\":\"https:\/\/www.moderco.com\/wp-content\/uploads\/2026\/02\/moderco-site-logo.webp\",\"width\":700,\"height\":700,\"caption\":\"Moderco\"},\"image\":{\"@id\":\"https:\/\/www.moderco.com\/#\/schema\/logo\/image\/\"}}]}<\/script>\n<!-- \/ Yoast SEO plugin. -->","yoast_head_json":{"title":"Distributeurs | Moderco","description":"Moderco entretient une relation de confiance avec ses distributeurs, bas\u00e9e sur le respect ce qui aboutit a la fiabilit\u00e9 de l'approvisionnement.","robots":{"index":"index","follow":"follow","max-snippet":"max-snippet:-1","max-image-preview":"max-image-preview:large","max-video-preview":"max-video-preview:-1"},"canonical":"https:\/\/www.moderco.com\/fr\/dealer\/","og_locale":"fr_FR","og_type":"article","og_title":"Distributeurs | Moderco","og_description":"Moderco entretient une relation de confiance avec ses distributeurs, bas\u00e9e sur le respect ce qui aboutit a la fiabilit\u00e9 de l'approvisionnement.","og_url":"https:\/\/www.moderco.com\/fr\/dealer\/","og_site_name":"Moderco","article_modified_time":"2026-01-28T19:28:45+00:00","og_image":[{"width":2042,"height":1214,"url":"https:\/\/www.moderco.com\/wp-content\/uploads\/2025\/09\/moderco-banner-slider-image-1-1.webp","type":"image\/webp"}],"twitter_misc":{"Dur\u00e9e de lecture estim\u00e9e":"1 minute"},"schema":{"@context":"https:\/\/schema.org","@graph":[{"@type":"WebPage","@id":"https:\/\/www.moderco.com\/fr\/dealer\/","url":"https:\/\/www.moderco.com\/fr\/dealer\/","name":"Distributeurs | Moderco","isPartOf":{"@id":"https:\/\/www.moderco.com\/#website"},"datePublished":"2015-07-27T13:04:39+00:00","dateModified":"2026-01-28T19:28:45+00:00","description":"Moderco entretient une relation de confiance avec ses distributeurs, bas\u00e9e sur le respect ce qui aboutit a la fiabilit\u00e9 de l'approvisionnement.","breadcrumb":{"@id":"https:\/\/www.moderco.com\/fr\/dealer\/#breadcrumb"},"inLanguage":"fr-FR","potentialAction":[{"@type":"ReadAction","target":["https:\/\/www.moderco.com\/fr\/dealer\/"]}]},{"@type":"BreadcrumbList","@id":"https:\/\/www.moderco.com\/fr\/dealer\/#breadcrumb","itemListElement":[{"@type":"ListItem","position":1,"name":"Home","item":"https:\/\/www.moderco.com\/fr\/"},{"@type":"ListItem","position":2,"name":"Distributeurs"}]},{"@type":"WebSite","@id":"https:\/\/www.moderco.com\/#website","url":"https:\/\/www.moderco.com\/","name":"Moderco","description":"Un site utilisant WordPress","publisher":{"@id":"https:\/\/www.moderco.com\/#organization"},"potentialAction":[{"@type":"SearchAction","target":{"@type":"EntryPoint","urlTemplate":"https:\/\/www.moderco.com\/?s={search_term_string}"},"query-input":{"@type":"PropertyValueSpecification","valueRequired":true,"valueName":"search_term_string"}}],"inLanguage":"fr-FR"},{"@type":"Organization","@id":"https:\/\/www.moderco.com\/#organization","name":"Moderco","url":"https:\/\/www.moderco.com\/","logo":{"@type":"ImageObject","inLanguage":"fr-FR","@id":"https:\/\/www.moderco.com\/#\/schema\/logo\/image\/","url":"https:\/\/www.moderco.com\/wp-content\/uploads\/2026\/02\/moderco-site-logo.webp","contentUrl":"https:\/\/www.moderco.com\/wp-content\/uploads\/2026\/02\/moderco-site-logo.webp","width":700,"height":700,"caption":"Moderco"},"image":{"@id":"https:\/\/www.moderco.com\/#\/schema\/logo\/image\/"}}]}},"_links":{"self":[{"href":"https:\/\/www.moderco.com\/fr\/wp-json\/wp\/v2\/pages\/267","targetHints":{"allow":["GET"]}}],"collection":[{"href":"https:\/\/www.moderco.com\/fr\/wp-json\/wp\/v2\/pages"}],"about":[{"href":"https:\/\/www.moderco.com\/fr\/wp-json\/wp\/v2\/types\/page"}],"author":[{"embeddable":true,"href":"https:\/\/www.moderco.com\/fr\/wp-json\/wp\/v2\/users\/1"}],"replies":[{"embeddable":true,"href":"https:\/\/www.moderco.com\/fr\/wp-json\/wp\/v2\/comments?post=267"}],"version-history":[{"count":12,"href":"https:\/\/www.moderco.com\/fr\/wp-json\/wp\/v2\/pages\/267\/revisions"}],"predecessor-version":[{"id":43337,"href":"https:\/\/www.moderco.com\/fr\/wp-json\/wp\/v2\/pages\/267\/revisions\/43337"}],"wp:attachment":[{"href":"https:\/\/www.moderco.com\/fr\/wp-json\/wp\/v2\/media?parent=267"}],"curies":[{"name":"wp","href":"https:\/\/api.w.org\/{rel}","templated":true}]}}