{"id":42301,"date":"2025-10-31T09:35:22","date_gmt":"2025-10-31T09:35:22","guid":{"rendered":"https:\/\/www.moderco.com\/a-propos-2\/"},"modified":"2026-03-03T09:45:42","modified_gmt":"2026-03-03T09:45:42","slug":"a-propos","status":"publish","type":"page","link":"https:\/\/www.moderco.com\/fr\/a-propos\/","title":{"rendered":"\u00c0 propos"},"content":{"rendered":"","protected":false},"excerpt":{"rendered":"","protected":false},"author":1,"featured_media":0,"parent":0,"menu_order":13,"comment_status":"closed","ping_status":"closed","template":"page-templates\/about-us-page-template.php","meta":{"_acf_changed":false,"_bbp_topic_count":0,"_bbp_reply_count":0,"_bbp_total_topic_count":0,"_bbp_total_reply_count":0,"_bbp_voice_count":0,"_bbp_anonymous_reply_count":0,"_bbp_topic_count_hidden":0,"_bbp_reply_count_hidden":0,"_bbp_forum_subforum_count":0,"footnotes":""},"class_list":["post-42301","page","type-page","status-publish","hentry"],"acf":[],"yoast_head":"<!-- This site is optimized with the Yoast SEO plugin v26.2 - https:\/\/yoast.com\/wordpress\/plugins\/seo\/ -->\n<title>Moderco A propos de nous : Qui sommes-nous ? Notre objectif\u00a0<\/title>\n<meta name=\"description\" content=\"Fournir \u00e0 nos clients les meilleurs syst\u00e8mes de cloison fonctionnel et utilisable n&#039;importe ou. Devenir le fabricant de cloisons pr\u00e9f\u00e9r\u00e9 et de confiance n\u00b01\" \/>\n<meta name=\"robots\" content=\"index, follow, max-snippet:-1, max-image-preview:large, max-video-preview:-1\" \/>\n<link rel=\"canonical\" href=\"https:\/\/www.moderco.com\/fr\/a-propos\/\" \/>\n<meta property=\"og:locale\" content=\"fr_FR\" \/>\n<meta property=\"og:type\" content=\"article\" \/>\n<meta property=\"og:title\" content=\"Moderco A propos de nous : Qui sommes-nous ? Notre objectif\u00a0\" \/>\n<meta property=\"og:description\" content=\"Fournir \u00e0 nos clients les meilleurs syst\u00e8mes de cloison fonctionnel et utilisable n&#039;importe ou. Devenir le fabricant de cloisons pr\u00e9f\u00e9r\u00e9 et de confiance n\u00b01\" \/>\n<meta property=\"og:url\" content=\"https:\/\/www.moderco.com\/fr\/a-propos\/\" \/>\n<meta property=\"og:site_name\" content=\"Moderco\" \/>\n<meta property=\"article:modified_time\" content=\"2026-03-03T09:45:42+00:00\" \/>\n<meta property=\"og:image\" content=\"https:\/\/www.moderco.com\/wp-content\/uploads\/2025\/09\/moderco-banner-slider-image-1-1.webp\" \/>\n\t<meta property=\"og:image:width\" content=\"2042\" \/>\n\t<meta property=\"og:image:height\" content=\"1214\" \/>\n\t<meta property=\"og:image:type\" content=\"image\/webp\" \/>\n<script type=\"application\/ld+json\" class=\"yoast-schema-graph\">{\"@context\":\"https:\/\/schema.org\",\"@graph\":[{\"@type\":\"WebPage\",\"@id\":\"https:\/\/www.moderco.com\/fr\/a-propos\/\",\"url\":\"https:\/\/www.moderco.com\/fr\/a-propos\/\",\"name\":\"Moderco A propos de nous : Qui sommes-nous ? Notre objectif\u00a0\",\"isPartOf\":{\"@id\":\"https:\/\/www.moderco.com\/#website\"},\"datePublished\":\"2025-10-31T09:35:22+00:00\",\"dateModified\":\"2026-03-03T09:45:42+00:00\",\"description\":\"Fournir \u00e0 nos clients les meilleurs syst\u00e8mes de cloison fonctionnel et utilisable n'importe ou. Devenir le fabricant de cloisons pr\u00e9f\u00e9r\u00e9 et de confiance n\u00b01\",\"breadcrumb\":{\"@id\":\"https:\/\/www.moderco.com\/fr\/a-propos\/#breadcrumb\"},\"inLanguage\":\"fr-FR\",\"potentialAction\":[{\"@type\":\"ReadAction\",\"target\":[\"https:\/\/www.moderco.com\/fr\/a-propos\/\"]}]},{\"@type\":\"BreadcrumbList\",\"@id\":\"https:\/\/www.moderco.com\/fr\/a-propos\/#breadcrumb\",\"itemListElement\":[{\"@type\":\"ListItem\",\"position\":1,\"name\":\"Home\",\"item\":\"https:\/\/www.moderco.com\/fr\/\"},{\"@type\":\"ListItem\",\"position\":2,\"name\":\"\u00c0 propos\"}]},{\"@type\":\"WebSite\",\"@id\":\"https:\/\/www.moderco.com\/#website\",\"url\":\"https:\/\/www.moderco.com\/\",\"name\":\"Moderco\",\"description\":\"Un site utilisant WordPress\",\"publisher\":{\"@id\":\"https:\/\/www.moderco.com\/#organization\"},\"potentialAction\":[{\"@type\":\"SearchAction\",\"target\":{\"@type\":\"EntryPoint\",\"urlTemplate\":\"https:\/\/www.moderco.com\/?s={search_term_string}\"},\"query-input\":{\"@type\":\"PropertyValueSpecification\",\"valueRequired\":true,\"valueName\":\"search_term_string\"}}],\"inLanguage\":\"fr-FR\"},{\"@type\":\"Organization\",\"@id\":\"https:\/\/www.moderco.com\/#organization\",\"name\":\"Moderco\",\"url\":\"https:\/\/www.moderco.com\/\",\"logo\":{\"@type\":\"ImageObject\",\"inLanguage\":\"fr-FR\",\"@id\":\"https:\/\/www.moderco.com\/#\/schema\/logo\/image\/\",\"url\":\"https:\/\/www.moderco.com\/wp-content\/uploads\/2026\/02\/moderco-site-logo.webp\",\"contentUrl\":\"https:\/\/www.moderco.com\/wp-content\/uploads\/2026\/02\/moderco-site-logo.webp\",\"width\":700,\"height\":700,\"caption\":\"Moderco\"},\"image\":{\"@id\":\"https:\/\/www.moderco.com\/#\/schema\/logo\/image\/\"}}]}<\/script>\n<!-- \/ Yoast SEO plugin. -->","yoast_head_json":{"title":"Moderco A propos de nous : Qui sommes-nous ? Notre objectif\u00a0","description":"Fournir \u00e0 nos clients les meilleurs syst\u00e8mes de cloison fonctionnel et utilisable n'importe ou. Devenir le fabricant de cloisons pr\u00e9f\u00e9r\u00e9 et de confiance n\u00b01","robots":{"index":"index","follow":"follow","max-snippet":"max-snippet:-1","max-image-preview":"max-image-preview:large","max-video-preview":"max-video-preview:-1"},"canonical":"https:\/\/www.moderco.com\/fr\/a-propos\/","og_locale":"fr_FR","og_type":"article","og_title":"Moderco A propos de nous : Qui sommes-nous ? Notre objectif\u00a0","og_description":"Fournir \u00e0 nos clients les meilleurs syst\u00e8mes de cloison fonctionnel et utilisable n'importe ou. Devenir le fabricant de cloisons pr\u00e9f\u00e9r\u00e9 et de confiance n\u00b01","og_url":"https:\/\/www.moderco.com\/fr\/a-propos\/","og_site_name":"Moderco","article_modified_time":"2026-03-03T09:45:42+00:00","og_image":[{"width":2042,"height":1214,"url":"https:\/\/www.moderco.com\/wp-content\/uploads\/2025\/09\/moderco-banner-slider-image-1-1.webp","type":"image\/webp"}],"schema":{"@context":"https:\/\/schema.org","@graph":[{"@type":"WebPage","@id":"https:\/\/www.moderco.com\/fr\/a-propos\/","url":"https:\/\/www.moderco.com\/fr\/a-propos\/","name":"Moderco A propos de nous : Qui sommes-nous ? Notre objectif\u00a0","isPartOf":{"@id":"https:\/\/www.moderco.com\/#website"},"datePublished":"2025-10-31T09:35:22+00:00","dateModified":"2026-03-03T09:45:42+00:00","description":"Fournir \u00e0 nos clients les meilleurs syst\u00e8mes de cloison fonctionnel et utilisable n'importe ou. Devenir le fabricant de cloisons pr\u00e9f\u00e9r\u00e9 et de confiance n\u00b01","breadcrumb":{"@id":"https:\/\/www.moderco.com\/fr\/a-propos\/#breadcrumb"},"inLanguage":"fr-FR","potentialAction":[{"@type":"ReadAction","target":["https:\/\/www.moderco.com\/fr\/a-propos\/"]}]},{"@type":"BreadcrumbList","@id":"https:\/\/www.moderco.com\/fr\/a-propos\/#breadcrumb","itemListElement":[{"@type":"ListItem","position":1,"name":"Home","item":"https:\/\/www.moderco.com\/fr\/"},{"@type":"ListItem","position":2,"name":"\u00c0 propos"}]},{"@type":"WebSite","@id":"https:\/\/www.moderco.com\/#website","url":"https:\/\/www.moderco.com\/","name":"Moderco","description":"Un site utilisant WordPress","publisher":{"@id":"https:\/\/www.moderco.com\/#organization"},"potentialAction":[{"@type":"SearchAction","target":{"@type":"EntryPoint","urlTemplate":"https:\/\/www.moderco.com\/?s={search_term_string}"},"query-input":{"@type":"PropertyValueSpecification","valueRequired":true,"valueName":"search_term_string"}}],"inLanguage":"fr-FR"},{"@type":"Organization","@id":"https:\/\/www.moderco.com\/#organization","name":"Moderco","url":"https:\/\/www.moderco.com\/","logo":{"@type":"ImageObject","inLanguage":"fr-FR","@id":"https:\/\/www.moderco.com\/#\/schema\/logo\/image\/","url":"https:\/\/www.moderco.com\/wp-content\/uploads\/2026\/02\/moderco-site-logo.webp","contentUrl":"https:\/\/www.moderco.com\/wp-content\/uploads\/2026\/02\/moderco-site-logo.webp","width":700,"height":700,"caption":"Moderco"},"image":{"@id":"https:\/\/www.moderco.com\/#\/schema\/logo\/image\/"}}]}},"_links":{"self":[{"href":"https:\/\/www.moderco.com\/fr\/wp-json\/wp\/v2\/pages\/42301","targetHints":{"allow":["GET"]}}],"collection":[{"href":"https:\/\/www.moderco.com\/fr\/wp-json\/wp\/v2\/pages"}],"about":[{"href":"https:\/\/www.moderco.com\/fr\/wp-json\/wp\/v2\/types\/page"}],"author":[{"embeddable":true,"href":"https:\/\/www.moderco.com\/fr\/wp-json\/wp\/v2\/users\/1"}],"replies":[{"embeddable":true,"href":"https:\/\/www.moderco.com\/fr\/wp-json\/wp\/v2\/comments?post=42301"}],"version-history":[{"count":14,"href":"https:\/\/www.moderco.com\/fr\/wp-json\/wp\/v2\/pages\/42301\/revisions"}],"predecessor-version":[{"id":45055,"href":"https:\/\/www.moderco.com\/fr\/wp-json\/wp\/v2\/pages\/42301\/revisions\/45055"}],"wp:attachment":[{"href":"https:\/\/www.moderco.com\/fr\/wp-json\/wp\/v2\/media?parent=42301"}],"curies":[{"name":"wp","href":"https:\/\/api.w.org\/{rel}","templated":true}]}}